{"id":101,"date":"2022-07-19T13:53:38","date_gmt":"2022-07-19T11:53:38","guid":{"rendered":"https:\/\/cst.tn\/?page_id=101"},"modified":"2022-09-26T12:29:04","modified_gmt":"2022-09-26T10:29:04","slug":"contact","status":"publish","type":"page","link":"https:\/\/cst.tn\/?page_id=101","title":{"rendered":"CONTACT"},"content":{"rendered":"<div data-colibri-id=\"101-c1\" class=\"style-466 style-local-101-c1 position-relative\">\n  <!---->\n  <div data-colibri-component=\"section\" data-colibri-id=\"101-c2\" id=\"contact\" class=\"h-section h-section-global-spacing d-flex align-items-lg-center align-items-md-center align-items-center style-787 style-local-101-c2 position-relative\">\n    <!---->\n    <!---->\n    <div class=\"h-section-grid-container h-section-boxed-container\">\n      <!---->\n      <div data-colibri-id=\"101-c3\" class=\"h-row-container gutters-row-lg-0 gutters-row-md-0 gutters-row-2 gutters-row-v-lg-0 gutters-row-v-md-0 gutters-row-v-2 style-788 style-local-101-c3 position-relative\">\n        <!---->\n        <div class=\"h-row justify-content-lg-center justify-content-md-center justify-content-center align-items-lg-center align-items-md-center align-items-center gutters-col-lg-0 gutters-col-md-0 gutters-col-2 gutters-col-v-lg-0 gutters-col-v-md-0 gutters-col-v-2\">\n          <!---->\n          <div class=\"h-column h-column-container d-flex h-col-lg-auto h-col-md-auto h-col-auto align-self-lg-center align-self-md-center align-self-center style-789-outer style-local-101-c4-outer\">\n            <div data-colibri-id=\"101-c4\" class=\"d-flex h-flex-basis h-column__inner h-px-lg-3 h-px-md-3 h-px-2 v-inner-lg-3 v-inner-md-3 v-inner-2 style-789 style-local-101-c4 position-relative\">\n              <!---->\n              <!---->\n              <div class=\"w-100 h-y-container h-column__content h-column__v-align flex-basis-100 align-self-lg-start align-self-md-start align-self-start\">\n                <!---->\n                <div data-colibri-id=\"101-c5\" class=\"h-row-container gutters-row-lg-0 gutters-row-md-0 gutters-row-0 gutters-row-v-lg-0 gutters-row-v-md-0 gutters-row-v-0 style-790 style-local-101-c5 position-relative\">\n                  <!---->\n                  <div class=\"h-row justify-content-lg-center justify-content-md-center justify-content-center align-items-lg-stretch align-items-md-stretch align-items-stretch gutters-col-lg-0 gutters-col-md-0 gutters-col-0 gutters-col-v-lg-0 gutters-col-v-md-0 gutters-col-v-0\">\n                    <!---->\n                    <div class=\"h-column h-column-container d-flex h-col-lg-12 h-col-md-12 h-col-12 style-791-outer style-local-101-c6-outer\">\n                      <div data-colibri-id=\"101-c6\" class=\"d-flex h-flex-basis h-column__inner h-px-lg-0 h-px-md-0 h-px-0 v-inner-lg-0 v-inner-md-0 v-inner-0 style-791 style-local-101-c6 position-relative\">\n                        <!---->\n                        <!---->\n                        <div class=\"w-100 h-y-container h-column__content h-column__v-align flex-basis-100 align-self-lg-start align-self-md-start align-self-start\">\n                          <!---->\n                          <div data-colibri-id=\"101-c7\" class=\"h-global-transition-all h-heading style-1544 style-local-101-c7 position-relative h-element\">\n                            <!---->\n                            <div class=\"h-heading__outer style-1544 style-local-101-c7\">\n                              <!---->\n                              <!---->\n                              <h1 class=\"\">Contactez-nous<\/h1>\n                            <\/div>\n                          <\/div>\n                        <\/div>\n                      <\/div>\n                    <\/div>\n                  <\/div>\n                <\/div>\n                <div data-colibri-id=\"101-c8\" class=\"h-row-container gutters-row-lg-0 gutters-row-md-0 gutters-row-0 gutters-row-v-lg-0 gutters-row-v-md-0 gutters-row-v-0 style-795 style-local-101-c8 position-relative\">\n                  <!---->\n                  <div class=\"h-row justify-content-lg-center justify-content-md-center justify-content-center align-items-lg-stretch align-items-md-stretch align-items-stretch gutters-col-lg-0 gutters-col-md-0 gutters-col-0 gutters-col-v-lg-0 gutters-col-v-md-0 gutters-col-v-0\">\n                    <!---->\n                    <div class=\"h-column h-column-container d-flex h-col-lg-auto h-col-md-auto h-col-auto style-796-outer style-local-101-c9-outer\">\n                      <div data-colibri-id=\"101-c9\" class=\"d-flex h-flex-basis h-column__inner h-px-lg-0 h-px-md-0 h-px-2 v-inner-lg-0 v-inner-md-0 v-inner-2 style-796 style-local-101-c9 position-relative\">\n                        <!---->\n                        <!---->\n                        <div class=\"w-100 h-y-container h-column__content h-column__v-align flex-basis-100 align-self-lg-start align-self-md-start align-self-start\">\n                          <!---->\n                          <div data-colibri-id=\"101-c10\" class=\"h-text h-text-component style-797 style-local-101-c10 position-relative h-element\">\n                            <!---->\n                            <!---->\n                            <div class=\"\">\n                              <p><span style=\"font-weight: 400; font-size: 18px; font-family: Roboto, sans-serif; color: rgb(37, 62, 142);\">Espace Tunis , bloc E, Bureau 4.3,&nbsp;&nbsp;Tunis 1073 Montplaisir, Tunis<\/span><\/p>\n                            <\/div>\n                          <\/div>\n                        <\/div>\n                      <\/div>\n                    <\/div>\n                    <div class=\"h-column h-column-container d-flex h-col-lg-auto h-col-md-auto h-col-auto style-799-outer style-local-101-c11-outer\">\n                      <div data-colibri-id=\"101-c11\" class=\"d-flex h-flex-basis h-column__inner h-px-lg-0 h-px-md-0 h-px-2 v-inner-lg-0 v-inner-md-0 v-inner-2 style-799 style-local-101-c11 position-relative\">\n                        <!---->\n                        <!---->\n                        <div class=\"w-100 h-y-container h-column__content h-column__v-align flex-basis-100 align-self-lg-start align-self-md-start align-self-start\">\n                          <!---->\n                          <div data-colibri-id=\"101-c12\" class=\"h-text h-text-component style-800 style-local-101-c12 position-relative h-element\">\n                            <!---->\n                            <!---->\n                            <div class=\"\">\n                              <p>TEL:&nbsp;+216 71 905 101<\/p>\n                            <\/div>\n                          <\/div>\n                          <div data-colibri-id=\"101-c13\" class=\"h-text h-text-component style-801 style-local-101-c13 position-relative h-element\">\n                            <!---->\n                            <!---->\n                            <div class=\"\">\n                              <p><span style=\"font-weight: 600; color: rgb(37, 62, 142);\">Email: info@cst.tn<\/span><\/p>\n                            <\/div>\n                          <\/div>\n                        <\/div>\n                      <\/div>\n                    <\/div>\n                  <\/div>\n                <\/div>\n                <div data-colibri-id=\"101-c14\" class=\"h-row-container gutters-row-lg-0 gutters-row-md-0 gutters-row-0 gutters-row-v-lg-0 gutters-row-v-md-0 gutters-row-v-0 style-795 style-local-101-c14 position-relative\">\n                  <!---->\n                  <div class=\"h-row justify-content-lg-center justify-content-md-center justify-content-center align-items-lg-stretch align-items-md-stretch align-items-stretch gutters-col-lg-0 gutters-col-md-0 gutters-col-0 gutters-col-v-lg-0 gutters-col-v-md-0 gutters-col-v-0\">\n                    <!---->\n                    <div class=\"h-column h-column-container d-flex h-col-lg h-col-md h-col-auto style-796-outer style-local-101-c15-outer\">\n                      <div data-colibri-id=\"101-c15\" class=\"d-flex h-flex-basis h-column__inner h-px-lg-0 h-px-md-0 h-px-2 v-inner-lg-0 v-inner-md-0 v-inner-2 style-796 style-local-101-c15 position-relative\">\n                        <!---->\n                        <!---->\n                        <div class=\"w-100 h-y-container h-column__content h-column__v-align flex-basis-100 align-self-lg-start align-self-md-start align-self-start\">\n                          <!---->\n                          <div data-colibri-id=\"101-c16\" class=\"style-802 style-local-101-c16 position-relative h-element\">\n                            <!---->\n                            <div class=\"d-flex flex-wrap h-social-icons justify-content-lg-start justify-content-md-start justify-content-center\">\n                              <div class=\"social-icon-container d-inline-flex\">\n                                <a href=\"https:\/\/www.facebook.com\/admincst\" h-use-smooth-scroll=\"true\">\n                                  <div class=\"icon-container h-social-icon h-global-transition\" style=\"fill: rgb(59, 89, 152);\">\n                                    <div class=\"h-icon-svg\" style=\"width: 100%; height: 100%;\">\n                                      <!--Icon by Font Awesome (https:\/\/fontawesome.com)-->\n                                      <svg version=\"1.1\" xmlns=\"http:\/\/www.w3.org\/2000\/svg\" xmlns:xlink=\"http:\/\/www.w3.org\/1999\/xlink\" id=\"facebook-square\" viewBox=\"0 0 1536 1896.0833\">\n                                        <path d=\"M1248 128q119 0 203.5 84.5T1536 416v960q0 119-84.5 203.5T1248 1664h-188v-595h199l30-232h-229V689q0-56 23.5-84t91.5-28l122-1V369q-63-9-178-9-136 0-217.5 80T820 666v171H620v232h200v595H288q-119 0-203.5-84.5T0 1376V416q0-119 84.5-203.5T288 128h960z\"><\/path>\n                                      <\/svg>\n                                    <\/div>\n                                  <\/div>\n                                <\/a>\n                              <\/div>\n                              <div class=\"social-icon-container d-inline-flex\">\n                                <a href=\"https:\/\/www.linkedin.com\/company\/canadian-system-technology\/about\/\" h-use-smooth-scroll=\"true\">\n                                  <div class=\"icon-container h-social-icon h-global-transition\" style=\"fill: rgb(0, 119, 181);\">\n                                    <div class=\"h-icon-svg\" style=\"width: 100%; height: 100%;\">\n                                      <!--Icon by Socicon (http:\/\/www.socicon.com)-->\n                                      <svg version=\"1.1\" xmlns=\"http:\/\/www.w3.org\/2000\/svg\" viewBox=\"0 0 1500 1500\">\n\n                                        <path d=\"M1122.070 767.578c-20.508-23.438-55.664-35.156-105.469-35.156-64.453 0-108.398 20.508-134.766 55.664-26.367 38.086-38.086 90.82-38.086 158.203v512.695c0 8.789-2.93 17.578-11.719 26.367-5.859 5.859-17.578 11.719-26.367 11.719h-269.531c-8.789 0-17.578-5.859-26.367-11.719-5.859-8.789-11.719-17.578-11.719-26.367v-946.289c0-8.789 5.859-17.578 11.719-26.367 8.789-5.859 17.578-11.719 26.367-11.719h260.742c8.789 0 17.578 2.93 23.438 5.859s8.789 11.719 11.719 20.508c0 8.789 2.93 17.578 2.93 20.508s0 11.719 0 23.438c67.383-64.453 158.203-93.75 266.602-93.75 125.977 0 222.656 29.297 292.969 90.82 70.313 64.453 105.469 155.273 105.469 278.32v638.672c0 8.789-2.93 17.578-11.719 26.367-5.859 5.859-17.578 11.719-26.367 11.719h-275.391c-8.789 0-17.578-5.859-26.367-11.719-5.859-8.789-11.719-17.578-11.719-26.367v-577.148c0-49.805-8.789-87.891-26.367-114.258zM310.547 313.477c-35.156 35.156-79.102 52.734-128.906 52.734s-93.75-17.578-128.906-52.734c-35.156-35.156-52.734-76.172-52.734-128.906 0-49.805 17.578-90.82 52.734-125.977s79.102-55.664 128.906-55.664c49.805 0 93.75 20.508 128.906 55.664s52.734 76.172 52.734 125.977c0 52.734-17.578 93.75-52.734 128.906zM354.492 512.695v946.289c0 8.789-5.859 17.578-11.719 26.367-8.789 5.859-17.578 11.719-26.367 11.719h-269.531c-8.789 0-17.578-5.859-26.367-11.719-5.859-8.789-11.719-17.578-11.719-26.367v-946.289c0-8.789 5.859-17.578 11.719-26.367 8.789-5.859 17.578-11.719 26.367-11.719h269.531c8.789 0 17.578 5.859 26.367 11.719 5.859 8.789 11.719 17.578 11.719 26.367z\"><\/path>\n                                      <\/svg>\n                                    <\/div>\n                                  <\/div>\n                                <\/a>\n                              <\/div>\n                              <div class=\"social-icon-container d-inline-flex\">\n                                <a href=\"https:\/\/www.youtube.com\/channel\/UCQ7yxz4CEoTs9H5jo7X4IvQ\" h-use-smooth-scroll=\"true\">\n                                  <div class=\"icon-container h-social-icon h-global-transition\" style=\"fill: rgb(255, 0, 0);\">\n                                    <div class=\"h-icon-svg\" style=\"width: 100%; height: 100%;\">\n                                      <!--Icon by Font Awesome (https:\/\/fontawesome.com)-->\n                                      <svg version=\"1.1\" xmlns=\"http:\/\/www.w3.org\/2000\/svg\" xmlns:xlink=\"http:\/\/www.w3.org\/1999\/xlink\" id=\"youtube-square\" viewBox=\"0 0 1536 1896.0833\">\n                                        <path d=\"M919 1303v-157q0-50-29-50-17 0-33 16v224q16 16 33 16 29 0 29-49zm184-122h66v-34q0-51-33-51t-33 51v34zM532 915v70h-80v423h-74V985h-78v-70h232zm201 126v367h-67v-40q-39 45-76 45-33 0-42-28-6-17-6-54v-290h66v270q0 24 1 26 1 15 15 15 20 0 42-31v-280h67zm252 111v146q0 52-7 73-12 42-53 42-35 0-68-41v36h-67V915h67v161q32-40 68-40 41 0 53 42 7 21 7 74zm251 129v9q0 29-2 43-3 22-15 40-27 40-80 40-52 0-81-38-21-27-21-86v-129q0-59 20-86 29-38 80-38t78 38q21 29 21 86v76h-133v65q0 51 34 51 24 0 30-26 0-1 .5-7t.5-16.5V1281h68zM785 457v156q0 51-32 51t-32-51V457q0-52 32-52t32 52zm533 713q0-177-19-260-10-44-43-73.5t-76-34.5q-136-15-412-15-275 0-411 15-44 5-76.5 34.5T238 910q-20 87-20 260 0 176 20 260 10 43 42.5 73t75.5 35q137 15 412 15t412-15q43-5 75.5-35t42.5-73q20-84 20-260zM563 519l90-296h-75l-51 195-53-195h-78q7 23 23 69l24 69q35 103 46 158v201h74V519zm289 81V470q0-58-21-87-29-38-78-38-51 0-78 38-21 29-21 87v130q0 58 21 87 27 38 78 38 49 0 78-38 21-27 21-87zm181 120h67V350h-67v283q-22 31-42 31-15 0-16-16-1-2-1-26V350h-67v293q0 37 6 55 11 27 43 27 36 0 77-45v40zm503-304v960q0 119-84.5 203.5T1248 1664H288q-119 0-203.5-84.5T0 1376V416q0-119 84.5-203.5T288 128h960q119 0 203.5 84.5T1536 416z\"><\/path>\n                                      <\/svg>\n                                    <\/div>\n                                  <\/div>\n                                <\/a>\n                              <\/div>\n                              <div class=\"social-icon-container d-inline-flex\">\n                                <a href=\"https:\/\/viadeo.journaldunet.com\/p\/system-technology-canadian-3349782\" h-use-smooth-scroll=\"true\">\n                                  <div class=\"icon-container h-social-icon h-global-transition\" style=\"fill: rgb(240, 115, 85);\">\n                                    <div class=\"h-icon-svg\" style=\"width: 100%; height: 100%;\">\n                                      <!--Icon by Socicon (http:\/\/www.socicon.com)-->\n                                      <svg version=\"1.1\" xmlns=\"http:\/\/www.w3.org\/2000\/svg\" viewBox=\"0 0 1500 1500\">\n\n                                        <path d=\"M290.039 1171.875c35.156 64.453 84.961 114.258 143.555 149.414 41.016 23.438 84.961 38.086 128.906 46.875 389.648-152.344 342.773-887.695 339.844-925.781-14.648-43.945-82.031-231.445-208.008-442.383 0 0 175.781 117.188 208.008 439.453 0 0 0 2.93 0 2.93 2.93 5.859 2.93 8.789 2.93 8.789 228.516 609.375-266.602 922.852-269.531 922.852 73.242 0 137.695-17.578 196.289-52.734 61.523-35.156 108.398-84.961 146.484-149.414 35.156-64.453 52.734-131.836 52.734-208.008 0-58.594-11.719-114.258-32.227-166.992 35.156-5.859 79.102-20.508 123.047-49.805 26.367 67.383 41.016 137.695 41.016 213.867 0 143.555-49.805 269.531-149.414 377.93-96.68 108.398-225.586 161.133-377.93 161.133-158.203 0-284.18-52.734-383.789-161.133-96.68-108.398-146.484-234.375-146.484-377.93 0-140.625 46.875-266.602 140.625-369.141 102.539-117.188 231.445-172.852 389.648-172.852 64.453 0 125.977 8.789 181.641 29.297-17.578 35.156-35.156 79.102-38.086 125.977-46.875-17.578-93.75-26.367-146.484-26.367-108.398 0-199.219 41.016-278.32 120.117-79.102 82.031-117.188 181.641-117.188 295.898 0 76.172 17.578 143.555 52.734 208.008zM987.305 568.359c0 0 301.758-164.063 313.477-304.688 0 0-93.75 208.008-348.633 266.602 0 0-90.82-143.555 26.367-260.742 0 0 41.016-46.875 158.203-76.172 0 0 117.188-23.438 181.641-158.203 0 0 131.836 181.641 49.805 424.805 0 0-41.016 108.398-123.047 158.203-64.453 38.086-158.203 49.805-257.813-49.805zM635.742 1374.023c0 0-2.93 0-2.93 0s0 0 0 0c2.93 0 2.93 0 2.93 0z\"><\/path>\n                                      <\/svg>\n                                    <\/div>\n                                  <\/div>\n                                <\/a>\n                              <\/div>\n                            <\/div>\n                          <\/div>\n                          <div data-colibri-id=\"101-c17\" class=\"h-map style-803 style-local-101-c17 position-relative h-element\" style=\"overflow: hidden;\">\n                            <!---->\n                            <iframe src=\"https:\/\/www.google.com\/maps\/embed\/v1\/place?q=Bucharest,%20Romania&amp;zoom=10&amp;key=\" class=\"map-iframe\"><\/iframe>\n                          <\/div>\n                        <\/div>\n                      <\/div>\n                    <\/div>\n                    <div class=\"h-column h-column-container d-flex h-col-lg-auto h-col-md-auto h-col-auto style-992-outer style-local-101-c18-outer\">\n                      <div data-colibri-id=\"101-c18\" class=\"d-flex h-flex-basis h-column__inner h-ui-empty-state-container h-px-lg-0 h-px-md-0 h-px-0 v-inner-lg-0 v-inner-md-0 v-inner-0 style-992 style-local-101-c18 position-relative\">\n                        <!---->\n                        <!---->\n                        <div class=\"w-100 h-y-container h-column__content h-column__v-align flex-basis-auto\">\n                          <!---->\n                        <\/div>\n                      <\/div>\n                    <\/div>\n                  <\/div>\n                <\/div>\n              <\/div>\n            <\/div>\n          <\/div>\n          <div class=\"h-column h-column-container d-flex h-col-lg-auto h-col-md-auto h-col-auto align-self-lg-center align-self-md-center align-self-center style-804-outer style-local-101-c19-outer\">\n            <div data-colibri-id=\"101-c19\" class=\"d-flex h-flex-basis h-column__inner h-px-lg-3 h-px-md-3 h-px-2 v-inner-lg-3 v-inner-md-3 v-inner-2 style-804 style-local-101-c19 position-relative\">\n              <!---->\n              <!---->\n              <div class=\"w-100 h-y-container h-column__content h-column__v-align flex-basis-100 align-self-lg-center align-self-md-center align-self-center\">\n                <!---->\n                <div data-colibri-id=\"101-c20\" class=\"h-contact-form__outer--forminator style-805 style-local-101-c20 position-relative h-element\">\n                  <!---->\n                  <div class=\"h-global-transition-all h-global-transition h-global-transition-all h-contact-form-shortcode\"><div class=\"forminator-ui forminator-custom-form forminator-custom-form-625 forminator-design--default  forminator_ajax\" data-forminator-render=\"0\" data-form=\"forminator-module-625\" data-uid=\"69ecfd49c5470\"><br\/><\/div><form\n\t\t\t\tid=\"forminator-module-625\"\n\t\t\t\tclass=\"forminator-ui forminator-custom-form forminator-custom-form-625 forminator-design--default  forminator_ajax\"\n\t\t\t\tmethod=\"post\"\n\t\t\t\tdata-forminator-render=\"0\"\n\t\t\t\tdata-form-id=\"625\"\n\t\t\t\t\n\t\t\t\tdata-design=\"default\"\n\t\t\t\t\n\t\t\t\t\n\t\t\t\t\n\t\t\t\tdata-grid=\"open\"\n\t\t\t\t\n\t\t\t\t\n\t\t\t\tstyle=\"display: none;\"\n\t\t\t\t\n\t\t\t\tdata-uid=\"69ecfd49c5470\"\n\t\t\t><div role=\"alert\" aria-live=\"polite\" class=\"forminator-response-message forminator-error\" aria-hidden=\"true\"><\/div><div class=\"forminator-row\"><div id=\"name-1\" class=\"forminator-col forminator-col-12 \"><div class=\"forminator-field\"><label for=\"forminator-field-name-1_69ecfd49c5470\" class=\"forminator-label\" id=\"forminator-field-name-1_69ecfd49c5470-label\">Nom <span class=\"forminator-required\">*<\/span><\/label><input type=\"text\" name=\"name-1\" value=\"\" placeholder=\"\" id=\"forminator-field-name-1_69ecfd49c5470\" class=\"forminator-input forminator-name--field\" aria-required=\"true\" \/><\/div><\/div><\/div><div class=\"forminator-row\"><div id=\"name-2\" class=\"forminator-col forminator-col-6 \"><div class=\"forminator-field\"><label for=\"forminator-field-name-2_69ecfd49c5470\" class=\"forminator-label\" id=\"forminator-field-name-2_69ecfd49c5470-label\">Soci\u00e9t\u00e9<\/label><input type=\"text\" name=\"name-2\" value=\"\" placeholder=\"\" id=\"forminator-field-name-2_69ecfd49c5470\" class=\"forminator-input forminator-name--field\" aria-required=\"false\" \/><\/div><\/div><div id=\"email-1\" class=\"forminator-col forminator-col-6 \"><div class=\"forminator-field\"><label for=\"forminator-field-email-1_69ecfd49c5470\" class=\"forminator-label\" id=\"forminator-field-email-1_69ecfd49c5470-label\">Adresse de messagerie <span class=\"forminator-required\">*<\/span><\/label><input type=\"email\" name=\"email-1\" value=\"\" placeholder=\"\" id=\"forminator-field-email-1_69ecfd49c5470\" class=\"forminator-input forminator-email--field\" data-required=\"true\" aria-required=\"true\" \/><\/div><\/div><\/div><div class=\"forminator-row\"><div id=\"phone-1\" class=\"forminator-col forminator-col-12 \"><div class=\"forminator-field\"><label for=\"forminator-field-phone-1_69ecfd49c5470\" class=\"forminator-label\" id=\"forminator-field-phone-1_69ecfd49c5470-label\">Num\u00e9ro de t\u00e9l\u00e9phone<\/label><input type=\"text\" name=\"phone-1\" value=\"\" placeholder=\"\" id=\"forminator-field-phone-1_69ecfd49c5470\" class=\"forminator-input forminator-field--phone\" data-required=\"\" aria-required=\"false\" autocomplete=\"off\" \/><\/div><\/div><\/div><div class=\"forminator-row\"><div id=\"textarea-1\" class=\"forminator-col forminator-col-12 \"><div class=\"forminator-field\"><label for=\"forminator-field-textarea-1_69ecfd49c5470\" id=\"forminator-field-textarea-1_69ecfd49c5470-label\" class=\"forminator-label\">Message<\/label><textarea name=\"textarea-1\" placeholder=\"Saisissez votre message\u2026\" id=\"forminator-field-textarea-1_69ecfd49c5470\" class=\"forminator-textarea\" rows=\"6\" style=\"min-height:140px;\" maxlength=\"180\" ><\/textarea><span id=\"forminator-field-textarea-1_69ecfd49c5470-description\" class=\"forminator-description\"><span data-limit=\"180\" data-type=\"characters\">0 \/ 180<\/span><\/span><\/div><\/div><\/div><input type=\"hidden\" name=\"referer_url\" value=\"\" \/><div class=\"forminator-row forminator-row-last\"><div class=\"forminator-col\"><div class=\"forminator-field\"><button class=\"forminator-button forminator-button-submit\">Envoyer le message<\/button><\/div><\/div><\/div><input type=\"hidden\" id=\"forminator_nonce\" name=\"forminator_nonce\" value=\"c7da3d8ec3\" \/><input type=\"hidden\" name=\"_wp_http_referer\" value=\"\/index.php?rest_route=%2Fwp%2Fv2%2Fpages%2F101\" \/><input type=\"hidden\" name=\"form_id\" value=\"625\"><input type=\"hidden\" name=\"page_id\" value=\"101\"><input type=\"hidden\" name=\"form_type\" value=\"default\"><input type=\"hidden\" name=\"current_url\" value=\"https:\/\/cst.tn\/?page_id=101\"><input type=\"hidden\" name=\"render_id\" value=\"0\"><input type=\"hidden\" name=\"action\" value=\"forminator_submit_form_custom-forms\"><\/form><\/div>\n                <\/div>\n              <\/div>\n            <\/div>\n          <\/div>\n        <\/div>\n      <\/div>\n    <\/div>\n  <\/div>\n<\/div>","protected":false},"excerpt":{"rendered":"<p>Contactez-nous Espace Tunis , bloc E, Bureau 4.3,&nbsp;&nbsp;Tunis 1073 Montplaisir, Tunis TEL:&nbsp;+216 71 905 101 Email: info@cst.tn<\/p>\n","protected":false},"author":1,"featured_media":0,"parent":0,"menu_order":0,"comment_status":"closed","ping_status":"closed","template":"page-templates\/full-width-page.php","meta":{"footnotes":""},"class_list":["post-101","page","type-page","status-publish","hentry"],"_links":{"self":[{"href":"https:\/\/cst.tn\/index.php?rest_route=\/wp\/v2\/pages\/101","targetHints":{"allow":["GET"]}}],"collection":[{"href":"https:\/\/cst.tn\/index.php?rest_route=\/wp\/v2\/pages"}],"about":[{"href":"https:\/\/cst.tn\/index.php?rest_route=\/wp\/v2\/types\/page"}],"author":[{"embeddable":true,"href":"https:\/\/cst.tn\/index.php?rest_route=\/wp\/v2\/users\/1"}],"replies":[{"embeddable":true,"href":"https:\/\/cst.tn\/index.php?rest_route=%2Fwp%2Fv2%2Fcomments&post=101"}],"version-history":[{"count":0,"href":"https:\/\/cst.tn\/index.php?rest_route=\/wp\/v2\/pages\/101\/revisions"}],"wp:attachment":[{"href":"https:\/\/cst.tn\/index.php?rest_route=%2Fwp%2Fv2%2Fmedia&parent=101"}],"curies":[{"name":"wp","href":"https:\/\/api.w.org\/{rel}","templated":true}]}}